{"id":19,"date":"2013-12-20T20:23:22","date_gmt":"2013-12-20T18:23:22","guid":{"rendered":"http:\/\/wsvaltach.at\/?page_id=19"},"modified":"2020-11-23T20:49:54","modified_gmt":"2020-11-23T18:49:54","slug":"mitglied-werden","status":"publish","type":"page","link":"https:\/\/wsvaltach.at\/?page_id=19","title":{"rendered":"Mitglied werden"},"content":{"rendered":"<p>Der WSV Altach freut sich \u00fcber jedes neue Mitglied! Ob Profi oder Anf\u00e4nger!<br \/>\nJeder der Spa\u00df am Schi oder Snowboard hat oder einfach nur dabei sein will,<br \/>\nist herzlich willkommen.<\/p>\n<p><strong>Passiv &#8211; Mitgliedschaft:<\/strong><br \/>\nAls passives Mitglied kannst du an allen Vereinsinternen Veranstaltungen<br \/>\nteilnehmen. Durch deinen Mitgliedsbeitrag unterst\u00fctzt du den Verein in<br \/>\nfinanzieller Hinsicht.<\/p>\n<p><strong>\u00d6SV &#8211; Mitgliedschaft:<br \/>\n<\/strong>Diese Mitgliedschaft genie\u00dft neben den Vorteilen der Passiv &#8211; Mitgliedschaft<br \/>\nauch jene des \u00d6sterreichischen Schiverbandes.<\/p>\n<p><strong>Mitgliedsbeitr\u00e4ge:<br \/>\n<\/strong>Kinder\/Jugendliche (bis zum 14. Lj.) \u00d6SV \u20ac 24,- \/ passiv \u20ac 15,-<br \/>\nErwachsene: \u00d6SV \u20ac 37,- \/ passiv \u20ac 19,-<br \/>\nFamilie (nur \u00d6SV m\u00f6glich) 2 Erwachsene und alle Kinder ( bis zu, 14 Lj.) \u20ac 74,-<\/p>\n<p>&#8211; Lernen Sie die <a href=\"https:\/\/www.oesv.at\/mitglieder\/\">Vorteile der Mitgliedschaft<\/a> kennen. Informieren Sie sich \u00fcber<br \/>\nVersicherungsschutz, den der \u00d6sterreichische Schiverband seinen Mitgliedern<br \/>\nbietet.<\/p>\n<p>Alle <strong>aktiven und passiven<\/strong> Vereinsmitglieder des <strong>WSV Altach<\/strong> erhalten bei den <strong>Intersportfilialen<\/strong> Schruns \u2013 B\u00fcrs \u2013 Rankweil und Dornbirn<\/p>\n<p><strong>20% Vereinsrabatt<\/strong> auf:<\/p>\n<ul>\n<li>Skibekleidung,<\/li>\n<li>Skischuhe<\/li>\n<li>Skizubeh\u00f6r ( Skihandschuhe, Skisocken, Skiunterw\u00e4sche, Skist\u00f6cke, Skihelme, Protektoren, Wachs etc. )<\/li>\n<li>Snowboardbekleidung<\/li>\n<li>Snowboards und Bindungen<\/li>\n<\/ul>\n<p>Skiservice:<br \/>\n\u20ac 12.- statt \u20ac 25.- auf Kinderski bis 140cm<br \/>\n\u20ac 20.- statt \u20ac 35.- auf Erwachsenenski<br \/>\n\u20ac 30.- statt \u20ac 49.- auf Snowboards<\/p>\n<p>Um die Rabatte in Anspruch nehmen zu k\u00f6nnen, ist eine Karte erforderlich.<\/p>\n<p>Alle Mitglieder welche die Karte nicht auf einem der oben genanntem Wege abholen, erhalten die die Karte im Herbst zugeschickt. Dies erfolgt mit der Zustellung der Einladung f\u00fcr die n\u00e4chste Jahreshauptversammlung.<\/p>\n<p>Hier geht es zur <a href=\"http:\/\/wsvaltach.at\/?page_id=744\">Anmeldung<\/a><\/p>\n","protected":false},"excerpt":{"rendered":"<p>Der WSV Altach freut sich \u00fcber jedes neue Mitglied! Ob Profi oder Anf\u00e4nger! Jeder der Spa\u00df am Schi oder Snowboard hat oder einfach nur dabei sein will, ist herzlich willkommen. Passiv &#8211; Mitgliedschaft: Als passives Mitglied kannst du an allen Vereinsinternen Veranstaltungen teilnehmen. Durch deinen Mitgliedsbeitrag unterst\u00fctzt du den Verein in finanzieller Hinsicht. \u00d6SV &#8211; [&hellip;]<\/p>\n","protected":false},"author":1,"featured_media":0,"parent":7,"menu_order":2,"comment_status":"closed","ping_status":"closed","template":"","meta":{"_acf_changed":false,"footnotes":""},"class_list":["post-19","page","type-page","status-publish","hentry"],"acf":[],"jetpack_sharing_enabled":true,"_links":{"self":[{"href":"https:\/\/wsvaltach.at\/index.php?rest_route=\/wp\/v2\/pages\/19","targetHints":{"allow":["GET"]}}],"collection":[{"href":"https:\/\/wsvaltach.at\/index.php?rest_route=\/wp\/v2\/pages"}],"about":[{"href":"https:\/\/wsvaltach.at\/index.php?rest_route=\/wp\/v2\/types\/page"}],"author":[{"embeddable":true,"href":"https:\/\/wsvaltach.at\/index.php?rest_route=\/wp\/v2\/users\/1"}],"replies":[{"embeddable":true,"href":"https:\/\/wsvaltach.at\/index.php?rest_route=%2Fwp%2Fv2%2Fcomments&post=19"}],"version-history":[{"count":11,"href":"https:\/\/wsvaltach.at\/index.php?rest_route=\/wp\/v2\/pages\/19\/revisions"}],"predecessor-version":[{"id":2652,"href":"https:\/\/wsvaltach.at\/index.php?rest_route=\/wp\/v2\/pages\/19\/revisions\/2652"}],"up":[{"embeddable":true,"href":"https:\/\/wsvaltach.at\/index.php?rest_route=\/wp\/v2\/pages\/7"}],"wp:attachment":[{"href":"https:\/\/wsvaltach.at\/index.php?rest_route=%2Fwp%2Fv2%2Fmedia&parent=19"}],"curies":[{"name":"wp","href":"https:\/\/api.w.org\/{rel}","templated":true}]}}