{"id":2404,"date":"2019-11-22T18:46:50","date_gmt":"2019-11-22T16:46:50","guid":{"rendered":"https:\/\/wsvaltach.at\/?page_id=2404"},"modified":"2019-11-22T18:49:39","modified_gmt":"2019-11-22T16:49:39","slug":"datenschutzerklaerung","status":"publish","type":"page","link":"https:\/\/wsvaltach.at\/?page_id=2404","title":{"rendered":"Datenschutzerkl\u00e4rung"},"content":{"rendered":"<div class='dsgvoaio_policy_shortcode'><p>&lt;p class=&quot;MsoNormal&quot;&gt;&lt;b&gt;&lt;span lang=&quot;DE-AT&quot;&gt;Datenschutzgrundverordnung &ndash; Ausdr&uuml;ckliche Einwilligung f&uuml;r Mitglieder des WSV Altach&lt;\/span&gt;&lt;\/b&gt;&lt;\/p&gt;<br \/>\n&lt;p class=&quot;MsoNormal&quot;&gt;&lt;span lang=&quot;DE-AT&quot;&gt;Ich stimme zu, dass meine pers&ouml;nlichen Daten (oder die Daten jenes Kindes, welche ich gesetzlich vertrete) Vorname, Nachname, Geburtsdatum, Adresse, Telefonnummer, Email-Adresse, pers&ouml;nliche Fotos und Filme, technische Daten, biometrische Daten, Vereinsname etc. zum Zwecke von organisatorischen, medialen und administrativen Abl&auml;ufen durch den Vorstand des Wintersportvereins Altach, kurz WSV Altach, und deren jeweiligen Vorstandsmitglieder und Trainer verarbeitet werden. &lt;\/span&gt;&lt;\/p&gt;<br \/>\n&lt;p class=&quot;MsoNormal&quot;&gt;&lt;span lang=&quot;DE-AT&quot;&gt;Sie k&ouml;nnen diese Einwilligung jederzeit per E-Mail &lt;a href=&quot;mailto:office@wsvaltach.at&quot;&gt;office@wsvaltach.at&lt;\/a&gt; kostenfrei widerrufen. &lt;span style=&quot;mso-tab-count: 1;&quot;&gt;&nbsp;&nbsp;&nbsp;&nbsp;&nbsp;&nbsp; &lt;\/span&gt;&lt;\/span&gt;&lt;\/p&gt;<br \/>\n&lt;p class=&quot;MsoNormal&quot;&gt;&lt;b&gt;&lt;span lang=&quot;DE-AT&quot;&gt;INFORMATIONSPFLICHT: &lt;\/span&gt;&lt;\/b&gt;&lt;\/p&gt;<br \/>\n&lt;p class=&quot;MsoNormal&quot;&gt;&lt;span lang=&quot;DE-AT&quot;&gt;Die Daten werden vom WSV Altach zum Zweck von organisatorischen, medialen und administrativen Abl&auml;ufen auf Rechtsgrundlage Vereinsmitglieder, Kadermitglieder, Funktion&auml;ren\/Innen, Sponsoren, G&ouml;nnern, Unterst&uuml;tzern, vereinsnahen Partnern etc verarbeitet. Es handelt sich dabei um die Datenkategorien Vorname, Nachname, Adresse, Geburtsdatum, Telefonnummer, Email-Adresse, pers&ouml;nliche Fotos und Filme, technische Daten, biometrische Daten, Vereinsname etc. &lt;\/span&gt;&lt;\/p&gt;<br \/>\n&lt;p class=&quot;MsoNormal&quot;&gt;&lt;span lang=&quot;DE-AT&quot;&gt;Die Daten werden f&uuml;r die Dauer der Mitgliedschaft und der gesetzlichen Aufbewahrungspflicht oder allenfalls anderslautenden vertraglichen Vereinbarungen gespeichert.&lt;span style=&quot;mso-spacerun: yes;&quot;&gt;&nbsp; &lt;\/span&gt;Sie haben jederzeit das Recht auf Auskunft &uuml;ber die Daten, Berichtigung, L&ouml;schung und Einschr&auml;nkung der Verarbeitung der Daten sowie ein Widerspruchsrecht gegen die Verarbeitung der Daten und das Recht auf Daten&uuml;bertragbarkeit. Sie haben das Recht Ihre gegebene Einwilligung jederzeit per E-Mail &lt;a href=&quot;mailto:office@wsvaltach.at&quot;&gt;office@wsvaltach.at&lt;\/a&gt; zu widerrufen (falls die Verarbeitung auf Rechtsgrundlage einer gegebenen Einwilligung beruht). Sie haben das Recht auf Beschwerde bei der Aufsichtsbeh&ouml;rde. Die Daten stammen aus der Quelle derer Personen, die dem Verein ihre Daten eigenh&auml;ndig zur Verf&uuml;gung stellen sowie von Aufnahmen oder Aufzeichnungen und Erhebungen, welche direkt vom WSV Altach durchgef&uuml;hrt wurden. Es besteht keine Absicht Ihre Daten f&uuml;r automatisierte Entscheidungsfindung einschlie&szlig;lich Profiling zu verarbeiten. &lt;\/span&gt;&lt;\/p&gt;<br \/>\n&lt;p class=&quot;MsoNormal&quot;&gt;&lt;b&gt;&lt;span lang=&quot;DE-AT&quot;&gt;Die Bereitstellung der Daten ist f&uuml;r die Mitgliedschaft, Kadermitgliedschaft, Funktion&auml;rst&auml;tigkeit und das generelle Vereinsleben notwendig.&lt;\/span&gt;&lt;\/b&gt;&lt;\/p&gt;<br \/>\n&lt;p class=&quot;MsoNormal&quot;&gt;&lt;b&gt;&lt;span lang=&quot;DE-AT&quot;&gt;Information &uuml;ber Sportergebnismanagement:&lt;\/span&gt;&lt;\/b&gt;&lt;\/p&gt;<br \/>\n&lt;p class=&quot;MsoNormal&quot;&gt;&lt;span lang=&quot;DE-AT&quot;&gt;Auf Grund der Einwilligung der betroffenen Person nach Art 6 Abs 1 lit a DSGVO bzw der Erf&uuml;llung einer vertraglichen bzw. rechtlichen Verpflichtung des Verantwortlichen nach Art 6 Abs 1 lit b und c bzw f DSGVO werden die personenbezogenen Daten der betroffenen Person, soweit dies f&uuml;r die Leistungs-\/Ergebniserfassung bzw. Ergebnismanagement im Zusammenhang mit der Anmeldung oder Teilnahme an (sportlichen) Veranstaltungen oder Wettk&auml;mpfen erforderlich sind, gespeichert und auch nach Art 17 Ab 3 in Verbindung mit Art 89 DSGVO f&uuml;r im &ouml;ffentlichen Interesse liegende Archivzwecke und berechtigten Interessen des Verantwortlichen gespeichert und &ouml;ffentlich zug&auml;nglich gemacht sowie von der &Ouml;sterreichische Bundes-Sportorganisation BSO, 1040 Wien, Prinz-Eugen-Stra&szlig;e 12, gespeichert und &ouml;ffentlich zug&auml;nglich gemacht. Dies wird von der betroffenen Person ausdr&uuml;cklich zur Kenntnis genommen. &lt;\/span&gt;&lt;\/p&gt;<br \/>\n&lt;p class=&quot;MsoNormal&quot;&gt;&lt;b&gt;&lt;span lang=&quot;DE-AT&quot;&gt;Falls der Wintersportverein Altach keine R&uuml;ckmeldung von ihnen erh&auml;lt, gilt diese Bewilligung als gelesen und akzeptiert. R&uuml;ckmeldungen sind m&ouml;glich &uuml;ber den Postweg an: Wintersportverein Altach, Goststra&szlig;e 49, 6844 Altach &lt;u&gt;oder&lt;\/u&gt; per Mail an &lt;\/span&gt;&lt;\/b&gt;&lt;span lang=&quot;DE-AT&quot;&gt;&lt;a href=&quot;mailto:office@wsvaltach.at&quot;&gt;&lt;b&gt;office@wsvaltach.at&lt;\/b&gt;&lt;\/a&gt;&lt;b&gt; &lt;\/b&gt;&lt;\/span&gt;&lt;\/p&gt;<\/p>\n<h3>Allgemeine Cookies<\/h3>\n<p>Die nachfolgenden Cookies z\u00e4hlen zu den technisch notwendigen Cookies.<\/p>\n<p><b>Cookies von WordPress<\/b><\/p>\n<table style=\"width:100%\">\n<tr>\n<th>Name<\/th>\n<th>Zweck<\/th>\n<th>G\u00fcltigkeit<\/th>\n<\/tr>\n<tr>\n<td>wordpress_test_cookie<\/td>\n<td>Dieses Cookie ermittelt, ob die Verwendung von Cookies im Browser deaktiviert wurde. Speicherdauer: Bis zum Ende der Browsersitzung (wird beim Schlie\u00dfen Ihres Internet-Browsers gel\u00f6scht).<\/td>\n<td>Session<\/td>\n<\/tr>\n<tr>\n<td>PHPSESSID<\/td>\n<td>Dieses Cookie speichert Ihre aktuelle Sitzung mit Bezug auf PHP-Anwendungen und gew\u00e4hrleistet so, dass alle Funktionen dieser Website, die auf der PHP-Programmiersprache basieren, vollst\u00e4ndig angezeigt werden k\u00f6nnen. Speicherdauer: Bis zum Ende der Browsersitzung (wird beim Schlie\u00dfen Ihres Internet-Browsers gel\u00f6scht).<\/td>\n<td>Session<\/td>\n<\/tr>\n<tr>\n<td>wordpress_akm_mobile<\/td>\n<td>Diese Cookies werden nur f\u00fcr den Verwaltungsbereich von WordPress verwendet.<\/td>\n<td>1 Jahr<\/td>\n<\/tr>\n<tr>\n<td>wordpress_logged_in_akm_mobile<\/td>\n<td>Diese Cookies werden nur f\u00fcr den Verwaltungsbereich von WordPress verwendet und gelten f\u00fcr andere Seitenbesucher nicht.<\/td>\n<td>Session<\/td>\n<\/tr>\n<tr>\n<td>wp-settings-akm_mobile<\/td>\n<td>Diese Cookies werden nur f\u00fcr den Verwaltungsbereich von WordPress verwendet und gelten f\u00fcr andere Seitenbesucher nicht.<\/td>\n<td>Session<\/td>\n<\/tr>\n<tr>\n<td>wp-settings-time-akm_mobile<\/td>\n<td>Diese Cookies werden nur f\u00fcr den Verwaltungsbereich von WordPress verwendet und gelten f\u00fcr andere Seitenbesucher nicht.<\/td>\n<td>Session<\/td>\n<\/tr>\n<tr>\n<td>ab<\/td>\n<td>wird f\u00fcr A\/B-Tests von neuen Funktionen verwendet.<\/td>\n<td>Session<\/td>\n<\/tr>\n<tr>\n<td>akm_mobile<\/td>\n<td>speichert, ob der Besucher die Mobilversion einer Website angezeigt bekommen m\u00f6chte.<\/td>\n<td>1 Tag<\/td>\n<\/tr>\n<\/table>\n<p><p><b>Cookies von DSGVO AIO for WordPress<\/b><\/p>\n<table style=\"width:100%\">\n<tr>\n<th>Name<\/th>\n<th>Zweck<\/th>\n<th>G\u00fcltigkeit<\/th>\n<\/tr>\n<tr>\n<td>dsgvoaio<\/td>\n<td>Dieser LocalStorage Key \/ Wert speichert welchen Diensten der Nutzer zugestimmt hat oder nicht.<\/td>\n<td>variabel<\/td>\n<\/tr>\n<tr>\n<td>_uniqueuid<\/td>\n<td>Dieser LocalStorage Key \/ Wert speichert eine generierte ID sodass die Opt-in \/ Opt-out Aktionen des Nutzers dokumentiert werden k\u00f6nnen. Die ID wird anonymisiert gespeichert.<\/td>\n<td>variabel<\/td>\n<\/tr>\n<tr>\n<td>dsgvoaio_create<\/td>\n<td>Dieser LocalStorage Key \/ Wert speichert den Zeitpunkt an dem _uniqueuid generiert wurde.<\/td>\n<td>variabel<\/td>\n<\/tr>\n<tr>\n<td>dsgvoaio_vgwort_disable<\/td>\n<td>Dieser LocalStorage Key \/ Wert speichert ob der Dienst VG Wort Standard zugelassen wird oder nicht (Einstellung des Seitenbetreibers).<\/td>\n<td>variabel<\/td>\n<\/tr>\n<tr>\n<td>dsgvoaio_ga_disable<\/td>\n<td>Dieser LocalStorage Key \/ Wert speichert ob der Dienst Google Analytics Standard zugelassen wird oder nicht (Einstellung des Seitenbetreibers).<\/td>\n<td>variabel<\/td>\n<\/tr>\n<\/table>\n<\/p>\n<\/div>\n","protected":false},"excerpt":{"rendered":"","protected":false},"author":1,"featured_media":0,"parent":7,"menu_order":4,"comment_status":"closed","ping_status":"closed","template":"","meta":{"_acf_changed":false,"footnotes":""},"class_list":["post-2404","page","type-page","status-publish","hentry"],"acf":[],"jetpack_sharing_enabled":true,"_links":{"self":[{"href":"https:\/\/wsvaltach.at\/index.php?rest_route=\/wp\/v2\/pages\/2404","targetHints":{"allow":["GET"]}}],"collection":[{"href":"https:\/\/wsvaltach.at\/index.php?rest_route=\/wp\/v2\/pages"}],"about":[{"href":"https:\/\/wsvaltach.at\/index.php?rest_route=\/wp\/v2\/types\/page"}],"author":[{"embeddable":true,"href":"https:\/\/wsvaltach.at\/index.php?rest_route=\/wp\/v2\/users\/1"}],"replies":[{"embeddable":true,"href":"https:\/\/wsvaltach.at\/index.php?rest_route=%2Fwp%2Fv2%2Fcomments&post=2404"}],"version-history":[{"count":1,"href":"https:\/\/wsvaltach.at\/index.php?rest_route=\/wp\/v2\/pages\/2404\/revisions"}],"predecessor-version":[{"id":2405,"href":"https:\/\/wsvaltach.at\/index.php?rest_route=\/wp\/v2\/pages\/2404\/revisions\/2405"}],"up":[{"embeddable":true,"href":"https:\/\/wsvaltach.at\/index.php?rest_route=\/wp\/v2\/pages\/7"}],"wp:attachment":[{"href":"https:\/\/wsvaltach.at\/index.php?rest_route=%2Fwp%2Fv2%2Fmedia&parent=2404"}],"curies":[{"name":"wp","href":"https:\/\/api.w.org\/{rel}","templated":true}]}}