{"id":2447,"date":"2019-12-05T20:51:00","date_gmt":"2019-12-05T18:51:00","guid":{"rendered":"https:\/\/wsvaltach.at\/?page_id=2447"},"modified":"2022-11-06T22:31:06","modified_gmt":"2022-11-06T20:31:06","slug":"training","status":"publish","type":"page","link":"https:\/\/wsvaltach.at\/?page_id=2447","title":{"rendered":"Training"},"content":{"rendered":"\n<p>Der Wintersportverein Altach trainiert in der Wintersaison mit dem Kinder- und Jugendkader zweimal pro Woche: Carving, Slalom, Riesentorlauf sowie das Fahren im freien Gel\u00e4nde. Dabei wird ein grosser Wert auf eine solide Ausbildung nach dem \u00d6sterreichischen Schilehrweg gelegt. Auch beim Wettkampftraining wird der Spass am Skisport und die Gemeinschaft in den Vordergrund gestellt.<\/p>\n\n\n<p>Du kannst schon gut Schifahren und m\u00f6chtest dich bei Schirennen beweisen? Dann komm doch zu einem\u00a0 Probetraining vorbei!<br \/><strong>Kontakt:<\/strong>\u00a0Kornelia G\u00e4chter: Tel. o664 \u00a04941259\u00a0\u00a0 Mail: <a href=\"mailto:kornelia.gaechter@gmx.at\">kornelia.gaechter@gmx.at<\/a><\/p>\n\n\n<figure class=\"wp-block-image size-full\"><a href=\"https:\/\/wsvaltach.at\/wp-content\/uploads\/2021\/02\/Bildschirmfoto-2021-02-10-um-21.22.30.png\"><img loading=\"lazy\" decoding=\"async\" width=\"640\" height=\"402\" src=\"https:\/\/wsvaltach.at\/wp-content\/uploads\/2021\/02\/Bildschirmfoto-2021-02-10-um-21.22.30.png\" alt=\"\" class=\"wp-image-3482\" srcset=\"https:\/\/wsvaltach.at\/wp-content\/uploads\/2021\/02\/Bildschirmfoto-2021-02-10-um-21.22.30.png 640w, https:\/\/wsvaltach.at\/wp-content\/uploads\/2021\/02\/Bildschirmfoto-2021-02-10-um-21.22.30-300x188.png 300w, https:\/\/wsvaltach.at\/wp-content\/uploads\/2021\/02\/Bildschirmfoto-2021-02-10-um-21.22.30-624x392.png 624w\" sizes=\"auto, (max-width: 640px) 100vw, 640px\" \/><\/a><figcaption>Techniktraining<\/figcaption><\/figure>\n\n\n<p><strong>Information an Eltern deren Kinder Interesse am Kadertraining beim WSV Altach haben.<\/strong><\/p>\n<p>Gerne kann Ihr Kind an einem unverbindlichen Probetraining teilnehmen.<br \/>Sollte es in weiterer Folge um die Aufnahme in den Trainings- und Rennkader gehen, sind folgende Informationen f\u00fcr Sie wichtig:<\/p>\n<p>Voraussetzungen:<\/p>\n<ul>\n<li>Generell wird eine <strong>\u00d6SV Vollmitgliedschaft<\/strong> verlangt<\/li>\n<li>Entsprechendes Fahrk\u00f6nnen des Kindes um am Training teilnehmen zu k\u00f6nnen ist Grundbedingung. <strong>Das Kader-Training ist kein Schikurs<\/strong>.<\/li>\n<\/ul>\n<p>Die schitechnische Eignung des Kindes wird im Rahmen von ein oder zwei Probetrainingseinheiten durch die Trainer beurteilt. Im Anschluss an diese Sichtung erfolgt ein Gespr\u00e4ch mit Trainern und den Eltern und einer Zu- oder Absage f\u00fcr die Aufnahme in das Rennkader. Im Falle einer Absage erfolgt eine entsprechende Empfehlung mit einer klaren Analyse was an der Fahrtechnik des Kindes zu verbessern ist, um Training teilnehmen zu k\u00f6nnen. Es werden m\u00f6gliche Wege aufgezeigt wie das interessierte Kind das geforderte Niveau erreichen kann.<\/p>\n<ul>\n<li>Ausr\u00fcstung: Zertifizierter Helm mit Option einen Kinnb\u00fcgel zu montieren, Kinnb\u00fcgel, R\u00fcckenprotektor, Mindestens je ein Paar Slalom- und Riesentorlaufschi in geeigneter L\u00e4nge, fachm\u00e4nnisch eingestellte Bindung, Schist\u00f6cke in passender L\u00e4nge, Passende Schischuhe, Entsprechende Schikleidung, Schibrille. Geeignete Ausr\u00fcstung oder Teile davon sind auch gut und relativ g\u00fcnstig gebraucht zu finden.<\/li>\n<li>Bereitschaft der Eltern die Kinder an den Trainings- und Wettkampfort zu bringen und diese wieder abzuholen. Der WSV Altach verf\u00fcgt \u00fcber kein eigenes Vereinsfahrzeug. Die Eltern der Kinder sind also selbst f\u00fcr die Transporte der Kinder verantwortlich. Durch Absprachen der Eltern untereinander k\u00f6nnen Fahrdienste eingerichtet werden. Die Eltern wechseln sich \u00fcblicherweise beim Fahren ab. So m\u00fcssen nicht immer alle Eltern auf jeden Wettkampf oder zu jedem Training selbst fahren.<\/li>\n<li>Regelm\u00e4\u00dfige Teilnahme der Kinder beim Training.<\/li>\n<li>Ziel: Teilnahme an den Rennen des Rheintalcups ( 6 Rennen pro Saison )<\/li>\n<li>Schikarte, 3-T\u00e4ler Saisonkarte<\/li>\n<li>Bereitschaft der Eltern auch fallweise bei Vereinsaktivit\u00e4ten mit zu arbeiten.<\/li>\n<li>Kaderbeitrag: Der Kaderbeitrag ist ein gesonderter Beitrag der Kaderkinder um die laufenden Kosten des Trainings und der Wettk\u00e4mpfe abzudecken. Der Beitrag wird am Anfang jeder Saison fixiert.<\/li>\n<\/ul>\n<p><u>Kontakt Trainerteam:<\/u>\u00a0<\/p>\n<p>Kornelia G\u00e4chter: Tel. o664 \u00a04941259\u00a0\u00a0 Mail: <a href=\"mailto:kornelia.gaechter@gmx.at\">kornelia.gaechter@gmx.at<\/a><\/p>","protected":false},"excerpt":{"rendered":"<p>Der Wintersportverein Altach trainiert in der Wintersaison mit dem Kinder- und Jugendkader zweimal pro Woche: Carving, Slalom, Riesentorlauf sowie das Fahren im freien Gel\u00e4nde. Dabei wird ein grosser Wert auf eine solide Ausbildung nach dem \u00d6sterreichischen Schilehrweg gelegt. Auch beim Wettkampftraining wird der Spass am Skisport und die Gemeinschaft in den Vordergrund gestellt. Du kannst [&hellip;]<\/p>\n","protected":false},"author":1,"featured_media":0,"parent":0,"menu_order":0,"comment_status":"closed","ping_status":"closed","template":"","meta":{"_acf_changed":false,"footnotes":""},"class_list":["post-2447","page","type-page","status-publish","hentry"],"acf":[],"jetpack_sharing_enabled":true,"_links":{"self":[{"href":"https:\/\/wsvaltach.at\/index.php?rest_route=\/wp\/v2\/pages\/2447","targetHints":{"allow":["GET"]}}],"collection":[{"href":"https:\/\/wsvaltach.at\/index.php?rest_route=\/wp\/v2\/pages"}],"about":[{"href":"https:\/\/wsvaltach.at\/index.php?rest_route=\/wp\/v2\/types\/page"}],"author":[{"embeddable":true,"href":"https:\/\/wsvaltach.at\/index.php?rest_route=\/wp\/v2\/users\/1"}],"replies":[{"embeddable":true,"href":"https:\/\/wsvaltach.at\/index.php?rest_route=%2Fwp%2Fv2%2Fcomments&post=2447"}],"version-history":[{"count":4,"href":"https:\/\/wsvaltach.at\/index.php?rest_route=\/wp\/v2\/pages\/2447\/revisions"}],"predecessor-version":[{"id":3666,"href":"https:\/\/wsvaltach.at\/index.php?rest_route=\/wp\/v2\/pages\/2447\/revisions\/3666"}],"wp:attachment":[{"href":"https:\/\/wsvaltach.at\/index.php?rest_route=%2Fwp%2Fv2%2Fmedia&parent=2447"}],"curies":[{"name":"wp","href":"https:\/\/api.w.org\/{rel}","templated":true}]}}