{"id":2661,"date":"2020-11-28T11:49:39","date_gmt":"2020-11-28T09:49:39","guid":{"rendered":"https:\/\/wsvaltach.at\/?page_id=2661"},"modified":"2025-11-16T13:57:40","modified_gmt":"2025-11-16T11:57:40","slug":"schikurs","status":"publish","type":"page","link":"https:\/\/wsvaltach.at\/?page_id=2661","title":{"rendered":"Skikurse"},"content":{"rendered":"\n<h2 class=\"wp-block-heading\">Detailinformationen zum Skikurs 2025\/2026<\/h2>\n\n\n\n<figure class=\"wp-block-image size-full\"><a href=\"https:\/\/wsvaltach.at\/wp-content\/uploads\/2025\/11\/Bildschirmfoto-2025-11-16-um-12.06.33-2.png\"><img loading=\"lazy\" decoding=\"async\" width=\"1009\" height=\"238\" src=\"https:\/\/wsvaltach.at\/wp-content\/uploads\/2025\/11\/Bildschirmfoto-2025-11-16-um-12.06.33-2.png\" alt=\"\" class=\"wp-image-4316\" srcset=\"https:\/\/wsvaltach.at\/wp-content\/uploads\/2025\/11\/Bildschirmfoto-2025-11-16-um-12.06.33-2.png 1009w, https:\/\/wsvaltach.at\/wp-content\/uploads\/2025\/11\/Bildschirmfoto-2025-11-16-um-12.06.33-2-300x71.png 300w, https:\/\/wsvaltach.at\/wp-content\/uploads\/2025\/11\/Bildschirmfoto-2025-11-16-um-12.06.33-2-768x181.png 768w, https:\/\/wsvaltach.at\/wp-content\/uploads\/2025\/11\/Bildschirmfoto-2025-11-16-um-12.06.33-2-624x147.png 624w\" sizes=\"auto, (max-width: 1009px) 100vw, 1009px\" \/><\/a><\/figure>\n\n\n\n<p>Es freut uns, dass euer Kind an einem unserer Skikurse teilnehmen m\u00f6chte.<\/p>\n\n\n\n<p><strong>\u00d6SV Mitgliedschaft:<\/strong>&nbsp;Der Skikurs des WSV Altach ist eine&nbsp;<strong>Vereinsaktivit\u00e4t<\/strong>. Deshalb ist eine&nbsp;<strong>Vereins- und \u00d6SV Mitgliedschaft (\u00d6sterreichischer Skiverband) eures Kindes erforderlich<\/strong>.&nbsp;<\/p>\n\n\n\n<p>Aus organisatorischen Gr\u00fcnden werden&nbsp;<strong>eine Woche vor Kursbeginn<\/strong>&nbsp;alle gemeldeten Kinder beim&nbsp;<strong>\u00d6SV als Mitglieder<\/strong>&nbsp;angemeldet. Dazu m\u00fcssen die gesamten Kurskosten bis zum 12.12.2025 \u00fcberwiesen sein.&nbsp;&nbsp;Wir bitten um Verst\u00e4ndnis, dass dann die Kosten f\u00fcr die \u00d6SV-Mitgliedschaft (\u20ac 25.) in jedem Fall zu bezahlen sind, auch wenn das Kind nicht am Kurs teilnehmen sollte.&nbsp;<\/p>\n\n\n\n<p><strong>Weitere \u00d6SV Mitgliedschaft \/ Beendigung der Mitgliedschaft:<\/strong>&nbsp;Im Folgejahr senden wir euch erneut eine Rechnung f\u00fcr die \u00d6SV Mitgliedschaft mit der Post.&nbsp;<strong>Durch das&nbsp;<u>Nichteinzahlen&nbsp;<\/u>dieser Rechnung erlischt die Mitgliedschaft automatisch.<\/strong>&nbsp;<strong>Eine aktive Abmeldung ist also nicht<u>&nbsp;<\/u>erforderlich.<\/strong>&nbsp;Mit der \u00d6SV Mitgliedschaft habt ihr einen umfangreichen Versicherungsschutz und ihr unterst\u00fctzt auch den Breiten-, Leistungs- und Spitzensport. Genauere Informationen findet ihr unter:&nbsp;<a href=\"http:\/\/www.oesv.at\/\">www.oesv.at<\/a><\/p>\n\n\n\n<p>Wir treffen uns zu den angegebenen Zeiten im Skigebiet am vereinbarten Treffpunkt. Bitte seid immer rechtzeitig da. Sprecht euch gegenseitig zur Bildung von Fahrgemeinschaften ab. Grunds\u00e4tzlich m\u00fcssen die Eltern der Kinder w\u00e4hrend des Kurses nicht vor Ort sein. Wichtig ist aber die Kinder rechtzeitig wieder am Treffpunkt abzuholen. Falls das Kind am ersten oder einem der folgenden Kurstage nicht zum Kurs kommt, meldet euch bitte ab. Ihr findet die Kontaktdaten der Kursverantwortlichen auf unserer Homepage.&nbsp;<a href=\"http:\/\/www.wsvaltach.at\/\">www.wsvaltach.at<\/a><\/p>\n\n\n\n<p>Sorgt f\u00fcr eine entsprechende Ausr\u00fcstung des Kindes. Dazu ein paar wichtige Punkte:&nbsp;<\/p>\n\n\n\n<ul class=\"wp-block-list\">\n<li>Skihelm: Dieser soll einwandfrei passen und weder dr\u00fccken noch zu lose am Kopf sitzen.&nbsp;&nbsp;&nbsp;&nbsp;&nbsp;&nbsp;&nbsp;&nbsp;&nbsp;&nbsp;&nbsp;&nbsp;&nbsp;&nbsp;&nbsp;&nbsp;Nur ein passender Helm sch\u00fctzt!<\/li>\n\n\n\n<li>Skibrille: Die Skibrille sollte so angepasst sein, dass sie nicht dr\u00fcckt aber doch gut sitzt.<\/li>\n\n\n\n<li>Handschuhe: Gute und passende Handschuhe sind wichtig f\u00fcr das Kind.<\/li>\n\n\n\n<li>Skist\u00f6cke: Die Skist\u00f6cke sollen in passender L\u00e4nge sein.<\/li>\n\n\n\n<li>Ski: Die Ski sollen in entsprechender L\u00e4nge sein. Die Bindung muss fachm\u00e4nnisch eingestellt sein. Unser Skikurspersonal darf keinerlei Einstellungen und Nachbesserungen an der Bindungseinstellung vornehmen.<\/li>\n\n\n\n<li>Skischuhe: Diese m\u00fcssen in die Bindung passen. Die Skischuhe sollten vor dem Skikurs anprobiert worden sein. Der Skischuh soll nicht dr\u00fccken, darf aber auch nicht zu gro\u00df sein.<\/li>\n<\/ul>\n\n\n\n<p>Auf unserer Homepage findet ihr st\u00e4ndig aktualisierte Informationen bez\u00fcglich der Skikurse.<\/p>\n\n\n\n<div data-wp-interactive=\"core\/file\" class=\"wp-block-file\"><object data-wp-bind--hidden=\"!state.hasPdfPreview\" hidden class=\"wp-block-file__embed\" data=\"https:\/\/wsvaltach.at\/wp-content\/uploads\/2025\/11\/Datenschutzerklaerung.pdf\" type=\"application\/pdf\" style=\"width:100%;height:600px\" aria-label=\"Einbettung von Datenschutzerkl\u00e4rung.\"><\/object><a id=\"wp-block-file--media-4051efef-f2dd-46c7-b755-b5bf9ca4b393\" href=\"https:\/\/wsvaltach.at\/wp-content\/uploads\/2025\/11\/Datenschutzerklaerung.pdf\">Datenschutzerkl\u00e4rung<\/a><a href=\"https:\/\/wsvaltach.at\/wp-content\/uploads\/2025\/11\/Datenschutzerklaerung.pdf\" class=\"wp-block-file__button wp-element-button\" download aria-describedby=\"wp-block-file--media-4051efef-f2dd-46c7-b755-b5bf9ca4b393\">Herunterladen<\/a><\/div>\n\n\n\n<p><\/p>\n\n\n\n<p><\/p>\n\n\n\n<h2 class=\"wp-block-heading\">Detailinformationen zum Skikurs 2024\/2025<\/h2>\n\n\n\n<figure class=\"wp-block-image size-full\"><a href=\"https:\/\/wsvaltach.at\/wp-content\/uploads\/2024\/01\/image.png\"><img loading=\"lazy\" decoding=\"async\" width=\"84\" height=\"59\" src=\"https:\/\/wsvaltach.at\/wp-content\/uploads\/2024\/01\/image.png\" alt=\"\" class=\"wp-image-4001\"\/><\/a><\/figure>\n\n\n\n<p>Es freut uns, dass euer Kind an einem unserer Skikurse teilnehmen m\u00f6chte.<\/p>\n\n\n\n<p>\u00d6SV Mitgliedschaft: Der Skikurs des WSV Altach ist eine Vereinsaktivit\u00e4t, deshalb ist eine Vereins- und \u00d6SV Mitgliedschaft eures Kindes erforderlich. Aus diesem Grund beinhaltet die Kursgeb\u00fchr auch den Mitgliedsbeitrag f\u00fcr den \u00d6SV f\u00fcr die Saison 2024 \/ 2025. Aus organisatorischen Gr\u00fcnden werden eine Woche vor Kursbeginn alle gemeldeten Kinder beim \u00d6SV als Mitglieder angemeldet. Wir bitten um Verst\u00e4ndnis, dass dann die Kosten f\u00fcr die \u00d6SV-Mitgliedschaft (\u20ac25.- pro Jahr) in jedem Fall zu bezahlen sind. Diese Mitgliedschaft endet automatisch nach einem Jahr. Eine aktive Abmeldung ist&nbsp;nicht&nbsp;erforderlich. Durch das&nbsp;Nichteinzahlen&nbsp;des Mitgliedsbeitrages im Folgejahr (Rechnung kommt mit der Post) erlischt die Mitgliedschaft automatisch. Mit der \u00d6SV Mitgliedschaft habt ihr einen umfangreichen Versicherungsschutz und ihr unterst\u00fctzt auch den Breiten- und Spitzensport. Genauere Informationen findet ihr hier: \u00d6SV \u2013 \u00d6sterreichischer Skiverband (oesv.at).&nbsp;<\/p>\n\n\n\n<p><strong>Kursbeitrag<\/strong>: Bitte bringt den genauen Kursbeitrag in bar am ersten Kurstag mit. Den Betrag bitte in einem Kuvert mit dem Namen des Kindes beschriftet bei unseren Instruktoren oder \u00dcbungsleitern abgeben.&nbsp;<\/p>\n\n\n\n<p>Meldet sich ein Kind kurzfristig vom Kurs ab, schicken wir euch die Rechnung f\u00fcr die \u00d6SV-Mitgliedschaft per Post. Restbetrag f\u00fcr den Kurs ist bei einer Abmeldung nicht zu bezahlen.&nbsp;<\/p>\n\n\n\n<p>Wir treffen uns zu den angegebenen Zeiten im Skigebiet am vereinbarten Treffpunkt. (P\u00fcnklichkeit!) Sprecht euch gegenseitig zur Bildung von Fahrgemeinschaften ab. Grunds\u00e4tzlich m\u00fcssen die Eltern der Kinder w\u00e4hrend des Kurses nicht vor Ort sein. Wichtig ist aber die Kinder rechtzeitig wieder am Treffpunkt abzuholen. Falls das Kind am ersten oder einem der folgenden Kurstage nicht zum Kurs kommt, meldet euch bitte ab. Ihr findet die Kontaktdaten der Kursverantwortlichen auf unserer Homepage.<\/p>\n\n\n\n<p>Sorgt f\u00fcr eine entsprechende Ausr\u00fcstung des Kindes, dazu ein paar wichtige Punkte:&nbsp;<\/p>\n\n\n\n<ul class=\"wp-block-list\">\n<li>Skihelm: Dieser soll einwandfrei passen und weder dr\u00fccken, noch zu lose am Kopf sitzen. Nur ein passender Helm sch\u00fctzt!<\/li>\n\n\n\n<li>Skibrille: Die Skibrille sollte so angepasst sein, dass sie nicht dr\u00fcckt aber doch gut sitzt.<\/li>\n\n\n\n<li>Handschuhe: Gute und passende Handschuhe sind wichtig f\u00fcr das Kind.<\/li>\n\n\n\n<li>Skist\u00f6cke: Die Skist\u00f6cke sollen in passender L\u00e4nge sein.<\/li>\n\n\n\n<li>Ski: Die Ski sollen in entsprechender L\u00e4nge sein. Die Bindung muss fachm\u00e4nnisch eingestellt sein. Unser Skikurspersonal darf keinerlei Einstellungen und Nachbesserungen an der Bindungseinstellung vornehmen.<\/li>\n\n\n\n<li>Skischuhe: Diese m\u00fcssen in die Bindung passen. Die Skischuhe sollten vor dem Skikurs anprobiert worden sein. Der Skischuh soll nicht dr\u00fccken.<\/li>\n<\/ul>\n\n\n\n<p>Auf unserer Homepage findet ihr st\u00e4ndig aktualisierte Informationen bez\u00fcglich der Skikurse. <\/p>\n\n\n\n<p>Sportliche Gr\u00fc\u00dfe,&nbsp;&nbsp;&nbsp;WSV Altach<\/p>\n\n\n\n<p><strong>WSV Altach Datenschutzerkl\u00e4rung<\/strong><\/p>\n\n\n\n<div data-wp-interactive=\"core\/file\" class=\"wp-block-file\"><object data-wp-bind--hidden=\"!state.hasPdfPreview\" hidden class=\"wp-block-file__embed\" data=\"https:\/\/wsvaltach.at\/wp-content\/uploads\/2024\/09\/WSV-Altach-Datenschutzerklaerung-1.pdf\" type=\"application\/pdf\" style=\"width:100%;height:600px\" aria-label=\"Einbettung von WSV Altach Datenschutzerkl\u00e4rung.\"><\/object><a id=\"wp-block-file--media-6e20e17f-90a3-4d3e-81cd-22fd1672c540\" href=\"https:\/\/wsvaltach.at\/wp-content\/uploads\/2024\/09\/WSV-Altach-Datenschutzerklaerung-1.pdf\">WSV Altach Datenschutzerkl\u00e4rung<\/a><a href=\"https:\/\/wsvaltach.at\/wp-content\/uploads\/2024\/09\/WSV-Altach-Datenschutzerklaerung-1.pdf\" class=\"wp-block-file__button wp-element-button\" download aria-describedby=\"wp-block-file--media-6e20e17f-90a3-4d3e-81cd-22fd1672c540\">Herunterladen<\/a><\/div>\n\n\n<hr \/>\n\n\n<p><strong>Kids Race Day f\u00fcr Fortgeschrittene 2023\/2024<\/strong><\/p>\n\n\n\n<p>Ein Tag sportliches Skifahren mit unseren Instruktoren:<br>\u2013 Tipps und Tricks auf der Piste<br>\u2013 Gel\u00e4ndefahrten, wenn es die Schneelage zul\u00e4sst<br>\u2013 Eigenes K\u00f6nnen verbessern \u2013 Carven wie die Rennl\u00e4ufer<\/p>\n\n\n\n<p><strong>Termine:<\/strong><br><strong>Kurs 1:<\/strong>&nbsp;Sonntag, 4.2.2024&nbsp;<br><strong>Kurs 2:<\/strong>&nbsp;Sonntag, 11.2. 2024<\/p>\n\n\n\n<p><strong>Skigebiet:<\/strong>&nbsp;Laterns\/Gapfohl<\/p>\n\n\n\n<p><strong>Treffpunkt: 9 Uhr&nbsp;<\/strong>bei der Talstation Laterns<\/p>\n\n\n\n<p><strong>Treffpunkt nach dem Kurs<\/strong>: &nbsp;<strong>13 Uhr<\/strong>&nbsp;bei der Talstation Laterns<\/p>\n\n\n\n<p><strong>Kosten: 35 Euro&nbsp;<\/strong>(inklusive \u00d6SV-Mitgliedsbeitrag)<\/p>\n\n\n\n<p><strong>Anmeldung:<\/strong><br><strong>telefonisch bei Sonja Rohrer unter 0699 107 11 729<\/strong><\/p>\n\n\n\n<p><strong>Voraussetzungen: &nbsp;<\/strong><br>\u2013&nbsp;<strong>fortgeschrittenes<\/strong>&nbsp;Fahrk\u00f6nnen<br>\u2013&nbsp;<strong>Helm<\/strong>&nbsp;und&nbsp;<strong>fachm\u00e4nnisch eingestellte Bindung<\/strong><br>\u2013&nbsp;<strong>\u00d6SV \u2013 Mitgliedschaft<\/strong>&nbsp;(erfolgt automatisch mit der Anmeldung und ist in den Kosten inkludiert). <\/p>\n\n\n\n<p><strong>Wir freuen uns auf eine eure Teilnahme.<\/strong><br>Isabella, Janina, Kornelia, Sonja, Jan und Oliver<\/p>\n\n\n\n<figure class=\"wp-block-image\"><a href=\"https:\/\/wsvaltach.at\/wp-content\/uploads\/2024\/01\/image.png\"><img loading=\"lazy\" decoding=\"async\" width=\"84\" height=\"59\" src=\"https:\/\/wsvaltach.at\/wp-content\/uploads\/2024\/01\/image.png\" alt=\"\" class=\"wp-image-4001\"\/><\/a><\/figure>\n\n\n<figure class=\"wp-block-image size-full\"><\/figure>\n<p>&#8212;&#8212;&#8212;&#8212;&#8212;&#8212;&#8212;&#8212;&#8212;&#8212;&#8212;&#8212;&#8212;&#8212;&#8212;&#8212;&#8212;&#8212;&#8212;&#8212;&#8212;&#8212;&#8212;&#8212;&#8212;&#8212;&#8212;&#8212;&#8212;&#8212;&#8212;&#8212;&#8212;&#8212;&#8212;&#8212;&#8211;<\/p>\n<p><span style=\"color: #008000;\"><strong><br \/>Wichtige Informationen zu den Skikursen des WSV Altach<\/strong><\/span><\/p>\n<p>Es freut uns, dass ihr an einem unserer Skikurse teilnehmen m\u00f6chtet.<br \/>Hier sind vorab einige Informationen zu den Skikursen. Die Teilnahme an einem Skikurs ist ausnahmslos nur mit <strong>\u00d6SV &#8211; Mitgliedschaft<\/strong> m\u00f6glich.<\/p>\n<p>Mit der <strong>\u00d6SV Mitgliedschaft<\/strong> habt ihr einen umfangreichen Versicherungsschutz <strong>f\u00fcr das gesamte Jahr<\/strong> und ihr unterst\u00fctzt auch den Breiten- und Spitzensport. Genauere Informationen und Link zur Mitgliedschaft findet ihr hier: <a href=\"https:\/\/www.oesv.at\/mitglieder\/\">\u00d6SV &#8211; \u00d6sterreichischer Skiverband (oesv.at)<\/a>. Gerne k\u00f6nnt Ihr auch den Antrag \u00fcber den WSV Altach stellen: <a href=\"mailto:office@wsvaltach.at\">office@wsvaltach.at<\/a><br \/>Sollte Ihr noch Fragen zur \u00d6SV Mitgliedschaft haben, schickt uns einfache Eure Frage per e-mail. Wir melden uns so rasch wie m\u00f6glich.<\/p>\n<p><strong>Zu den Kursen:<\/strong><br \/>Wir treffen uns zu den angegebenen Zeiten im Skigebiet und dem jeweils vereinbartem Treffpunkt. Bitte seid immer rechtzeitig da.<\/p>\n<p>Bitte bringt den genauen Kursbeitrag in bar am ersten Kurstag mit. Den Betrag bitte in einem Kuvert mit dem Namen des Kindes beschriftet bei unseren Instruktoren oder \u00dcbungsleitern abgeben.<\/p>\n<p>Grunds\u00e4tzlich m\u00fcssen die Eltern der Kinder w\u00e4hrend des Kurses nicht vor Ort sein. Wichtig ist aber die Kinder rechtzeitig wieder vor Ort abzuholen. Falls das Kind am ersten oder einem der folgenden Kurstage nicht zum Kurs kommt meldet euch bitte ab.<\/p>\n<p>Sorgt f\u00fcr eine entsprechende Ausr\u00fcstung des Kindes, dazu geh\u00f6rt unter anderem:<\/p>\n<ul>\n<li><span style=\"font-size: 1rem;\">Skihelm: Dieser soll einwandfrei passen und weder dr\u00fccken noch zu lose am Kopf sitzen. Nur ein passender Helm sch\u00fctzt!<\/span><\/li>\n<li>Skibrille: Die Skibrille sollte so angepasst sein, dass sie nicht dr\u00fcckt aber doch ausreichend gut sitzt.<\/li>\n<li>Handschuhe: Gute und passende Handschuhe sind wichtig.<\/li>\n<li>Skist\u00f6cke: Die Skist\u00f6cke sollen in entsprechend passender L\u00e4nge sein.<\/li>\n<li>Ski: Die Ski sollen in entsprechender L\u00e4nge sein. Die Bindung soll fachm\u00e4nnisch eingestellt sein. Unser Skikurspersonal darf keinerlei Einstellungen und Nachbesserungen an der Bindungseinstellung vornehmen.<\/li>\n<li>Skischuhe: Diese m\u00fcssen in die Bindung passen. Die Skischuhe sollten vor dem Skikurs anprobiert worden sein. Der Skischuh soll nicht dr\u00fccken.<\/li>\n<li>Skianzug: Der Skianzug soll dem Kind passen und bequem f\u00fcr das Kind zu tragen sein.<\/li>\n<li>Jause: Bei Skikursen, die den ganzen Tag dauern, sollte das Kind einen Rucksack mit einer kleinen Jause dabeihaben.<\/li>\n<li>Generell ist g\u00fcnstige Ausr\u00fcstung gut im Internet zu finden. Die Einstellung der Bindung sollte auch bei gebraucht gekauftem oder weitergegebenem Material durch Fachpersonal, also im Fachhandel oder Fachservice erfolgen.<\/li>\n<\/ul>\n<p>Auf unserer Homepage findet ihr st\u00e4ndig aktualisierte Informationen bez\u00fcglich der Skikurse.<\/p>\n<p>Sportliche Gr\u00fc\u00dfe,<br \/>WSV Altach<\/p>","protected":false},"excerpt":{"rendered":"<p>Detailinformationen zum Skikurs 2025\/2026 Es freut uns, dass euer Kind an einem unserer Skikurse teilnehmen m\u00f6chte. \u00d6SV Mitgliedschaft:&nbsp;Der Skikurs des WSV Altach ist eine&nbsp;Vereinsaktivit\u00e4t. Deshalb ist eine&nbsp;Vereins- und \u00d6SV Mitgliedschaft (\u00d6sterreichischer Skiverband) eures Kindes erforderlich.&nbsp; Aus organisatorischen Gr\u00fcnden werden&nbsp;eine Woche vor Kursbeginn&nbsp;alle gemeldeten Kinder beim&nbsp;\u00d6SV als Mitglieder&nbsp;angemeldet. Dazu m\u00fcssen die gesamten Kurskosten bis zum 12.12.2025 [&hellip;]<\/p>\n","protected":false},"author":1,"featured_media":0,"parent":0,"menu_order":0,"comment_status":"closed","ping_status":"closed","template":"","meta":{"_acf_changed":false,"footnotes":"[]"},"class_list":["post-2661","page","type-page","status-publish","hentry"],"acf":[],"jetpack_sharing_enabled":true,"_links":{"self":[{"href":"https:\/\/wsvaltach.at\/index.php?rest_route=\/wp\/v2\/pages\/2661","targetHints":{"allow":["GET"]}}],"collection":[{"href":"https:\/\/wsvaltach.at\/index.php?rest_route=\/wp\/v2\/pages"}],"about":[{"href":"https:\/\/wsvaltach.at\/index.php?rest_route=\/wp\/v2\/types\/page"}],"author":[{"embeddable":true,"href":"https:\/\/wsvaltach.at\/index.php?rest_route=\/wp\/v2\/users\/1"}],"replies":[{"embeddable":true,"href":"https:\/\/wsvaltach.at\/index.php?rest_route=%2Fwp%2Fv2%2Fcomments&post=2661"}],"version-history":[{"count":25,"href":"https:\/\/wsvaltach.at\/index.php?rest_route=\/wp\/v2\/pages\/2661\/revisions"}],"predecessor-version":[{"id":4328,"href":"https:\/\/wsvaltach.at\/index.php?rest_route=\/wp\/v2\/pages\/2661\/revisions\/4328"}],"wp:attachment":[{"href":"https:\/\/wsvaltach.at\/index.php?rest_route=%2Fwp%2Fv2%2Fmedia&parent=2661"}],"curies":[{"name":"wp","href":"https:\/\/api.w.org\/{rel}","templated":true}]}}