{"id":2667,"date":"2020-11-28T11:54:58","date_gmt":"2020-11-28T09:54:58","guid":{"rendered":"https:\/\/wsvaltach.at\/?page_id=2667"},"modified":"2025-11-16T13:18:09","modified_gmt":"2025-11-16T11:18:09","slug":"information-schkurs","status":"publish","type":"page","link":"https:\/\/wsvaltach.at\/?page_id=2667","title":{"rendered":"Detailinformationen zum Skikurs 2024\/2025"},"content":{"rendered":"\n<figure class=\"wp-block-image size-full is-resized\"><a href=\"https:\/\/wsvaltach.at\/wp-content\/uploads\/2024\/01\/image.png\"><img loading=\"lazy\" decoding=\"async\" width=\"84\" height=\"59\" src=\"https:\/\/wsvaltach.at\/wp-content\/uploads\/2024\/01\/image.png\" alt=\"\" class=\"wp-image-4001\" style=\"width:179px;height:auto\"\/><\/a><\/figure>\n\n\n\n<p>Es freut uns, dass euer Kind an einem unserer Skikurse teilnehmen m\u00f6chte.<\/p>\n\n\n\n<p>\u00d6SV Mitgliedschaft: Der Skikurs des WSV Altach ist eine Vereinsaktivit\u00e4t, deshalb ist eine Vereins- und \u00d6SV Mitgliedschaft eures Kindes erforderlich. Aus diesem Grund beinhaltet die Kursgeb\u00fchr auch den Mitgliedsbeitrag f\u00fcr den \u00d6SV f\u00fcr die Saison 2024\/2025. Aus organisatorischen Gr\u00fcnden werden eine Woche vor Kursbeginn alle gemeldeten Kinder beim \u00d6SV als Mitglieder angemeldet. Wir bitten um Verst\u00e4ndnis, dass dann die Kosten f\u00fcr die \u00d6SV-Mitgliedschaft (\u20ac25.- pro Jahr) in jedem Fall zu bezahlen sind. Diese Mitgliedschaft endet automatisch nach einem Jahr. Eine aktive Abmeldung ist&nbsp;nicht&nbsp;erforderlich. Durch das&nbsp;Nichteinzahlen&nbsp;des Mitgliedsbeitrages im Folgejahr (Rechnung kommt mit der Post) erlischt die Mitgliedschaft automatisch. Mit der \u00d6SV Mitgliedschaft habt ihr einen umfangreichen Versicherungsschutz und ihr unterst\u00fctzt auch den Breiten- und Spitzensport. Genauere Informationen findet ihr hier: \u00d6SV \u2013 \u00d6sterreichischer Skiverband (oesv.at).&nbsp;<\/p>\n\n\n\n<p><span style=\"text-decoration: underline;\">Kursbeitrag<\/span>: Bitte bringt den genauen Kursbeitrag in bar am ersten Kurstag mit. Den Betrag bitte in einem Kuvert mit dem Namen des Kindes beschriftet bei unseren Instruktoren oder \u00dcbungsleitern abgeben.&nbsp;<\/p>\n\n\n\n<p>Meldet sich ein Kind kurzfristig vom Kurs ab, schicken wir euch die Rechnung f\u00fcr die \u00d6SV-Mitgliedschaft per Post. Restbetrag f\u00fcr den Kurs ist bei einer Abmeldung nicht zu bezahlen.&nbsp;<\/p>\n\n\n\n<p>Wir treffen uns zu den angegebenen Zeiten im Skigebiet am vereinbarten Treffpunkt. (P\u00fcnklichkeit!) Sprecht euch gegenseitig zur Bildung von Fahrgemeinschaften ab. Grunds\u00e4tzlich m\u00fcssen die Eltern der Kinder w\u00e4hrend des Kurses nicht vor Ort sein. Wichtig ist aber die Kinder rechtzeitig wieder am Treffpunkt abzuholen. Falls das Kind am ersten oder einem der folgenden Kurstage nicht zum Kurs kommt, meldet euch bitte ab. Ihr findet die Kontaktdaten der Kursverantwortlichen auf unserer Homepage.<\/p>\n\n\n\n<p>Sorgt f\u00fcr eine entsprechende Ausr\u00fcstung des Kindes, dazu ein paar wichtige Punkte:&nbsp;<\/p>\n\n\n\n<ul class=\"wp-block-list\">\n<li>Skihelm: Dieser soll einwandfrei passen und weder dr\u00fccken, noch zu lose am Kopf sitzen. Nur ein passender Helm sch\u00fctzt!<\/li>\n\n\n\n<li>Skibrille: Die Skibrille sollte so angepasst sein, dass sie nicht dr\u00fcckt aber doch gut sitzt.<\/li>\n\n\n\n<li>Handschuhe: Gute und passende Handschuhe sind wichtig f\u00fcr das Kind.<\/li>\n\n\n\n<li>Skist\u00f6cke: Die Skist\u00f6cke sollen in passender L\u00e4nge sein.<\/li>\n\n\n\n<li>Ski: Die Ski sollen in entsprechender L\u00e4nge sein. Die Bindung muss fachm\u00e4nnisch eingestellt sein. Unser Skikurspersonal darf keinerlei Einstellungen und Nachbesserungen an der Bindungseinstellung vornehmen.<\/li>\n\n\n\n<li>Skischuhe: Diese m\u00fcssen in die Bindung passen. Die Skischuhe sollten vor dem Skikurs anprobiert worden sein. Der Skischuh soll nicht dr\u00fccken.<\/li>\n<\/ul>\n\n\n\n<p>Auf unserer Homepage findet ihr st\u00e4ndig aktualisierte Informationen bez\u00fcglich der Skikurse.<\/p>\n\n\n\n<p>Sportliche Gr\u00fc\u00dfe,&nbsp;&nbsp;WSV Altach<\/p>\n\n\n\n<p><strong>WSV Altach Datenschutzerkl\u00e4rung<\/strong><\/p>\n\n\n\n<div data-wp-interactive=\"core\/file\" class=\"wp-block-file\"><object data-wp-bind--hidden=\"!state.hasPdfPreview\" hidden class=\"wp-block-file__embed\" data=\"https:\/\/wsvaltach.at\/wp-content\/uploads\/2024\/09\/WSV-Altach-Datenschutzerklaerung.pdf\" type=\"application\/pdf\" style=\"width:100%;height:600px\" aria-label=\"Einbettung von WSV Altach Datenschutzerkl\u00e4rung.\"><\/object><a id=\"wp-block-file--media-dc0b7e6c-c070-47ce-b055-096d831409b0\" href=\"https:\/\/wsvaltach.at\/wp-content\/uploads\/2024\/09\/WSV-Altach-Datenschutzerklaerung.pdf\">WSV Altach Datenschutzerkl\u00e4rung<\/a><a href=\"https:\/\/wsvaltach.at\/wp-content\/uploads\/2024\/09\/WSV-Altach-Datenschutzerklaerung.pdf\" class=\"wp-block-file__button wp-element-button\" download aria-describedby=\"wp-block-file--media-dc0b7e6c-c070-47ce-b055-096d831409b0\">Herunterladen<\/a><\/div>\n\n\n<hr \/>\n<h1>Information Schikurs 2023\/2024<\/h1>\n<h2><strong style=\"font-size: revert;\">Wichtige Informationen zu den Skikursen des WSV Altach<\/strong><\/h2>\n<div class=\"entry-content\">\n<p>Es freut uns, dass ihr an einem unserer Skikurse teilnehmen m\u00f6chtet.<br \/>Hier sind vorab einige Informationen zu den Skikursen.<\/p>\n<p>Die Teilnahme an einem Skikurs ist ausnahmslos nur mit \u00d6SV \u2013 Mitgliedschaft m\u00f6glich. Deshalb beinhaltet die Kursgeb\u00fchr auch den Mitgliedsbeitrag f\u00fcr den \u00d6SV f\u00fcr die Saison 2023 \/ 2024.<br \/>Mit der \u00d6SV Mitgliedschaft habt ihr einen umfangreichen Versicherungsschutz und ihr unterst\u00fctzt auch den Breiten- und Spitzensport. Genauere Informationen findet ihr hier:\u00a0<a href=\"https:\/\/www.oesv.at\/mitglieder\/\">\u00d6SV \u2013 \u00d6sterreichischer Skiverband (oesv.at)<\/a>.<\/p>\n<p><strong>Zu den Kursen:<\/strong><br \/>Wir treffen uns zu den angegebenen Zeiten im Skigebiet und dem jeweils vereinbartem Treffpunkt. Bitte seid immer rechtzeitig da.<\/p>\n<p>Bitte bringt den genauen Kursbeitrag in bar am ersten Kurstag mit. Den Betrag bitte in einem Kuvert mit dem Namen des Kindes beschriftet bei unseren Instruktoren oder \u00dcbungsleitern abgeben.<\/p>\n<p>Grunds\u00e4tzlich m\u00fcssen die Eltern der Kinder w\u00e4hrend des Kurses nicht vor Ort sein. Wichtig ist aber die Kinder rechtzeitig wieder vor Ort abzuholen. Falls das Kind am ersten oder einem der folgenden Kurstage nicht zum Kurs kommt meldet euch bitte ab.<\/p>\n<p>Sorgt f\u00fcr eine entsprechende Ausr\u00fcstung des Kindes, dazu geh\u00f6rt unter anderem:<\/p>\n<ul>\n<li>Skihelm: Dieser soll einwandfrei passen und weder dr\u00fccken noch zu lose am Kopf sitzen. Nur ein passender Helm sch\u00fctzt!<\/li>\n<li>Skibrille: Die Skibrille sollte so angepasst sein, dass sie nicht dr\u00fcckt aber doch ausreichend gut sitzt.<\/li>\n<li>Handschuhe: Gute und passende Handschuhe sind wichtig.<\/li>\n<li>Skist\u00f6cke: Die Skist\u00f6cke sollen in entsprechend passender L\u00e4nge sein.<\/li>\n<li>Ski: Die Ski sollen in entsprechender L\u00e4nge sein. Die Bindung soll fachm\u00e4nnisch eingestellt sein. Unser Skikurspersonal darf keinerlei Einstellungen und Nachbesserungen an der Bindungseinstellung vornehmen.<\/li>\n<li>Skischuhe: Diese m\u00fcssen in die Bindung passen. Die Skischuhe sollten vor dem Skikurs anprobiert worden sein. Der Skischuh soll nicht dr\u00fccken.<\/li>\n<li>Skianzug: Der Skianzug soll dem Kind passen und bequem f\u00fcr das Kind zu tragen sein.<\/li>\n<li>Jause: Das Kind sollte einen Rucksack mit einer kleinen Jause dabeihaben. Tee stellt der Verein.<\/li>\n<li>Generell ist g\u00fcnstige Ausr\u00fcstung gut im Internet zu finden. Die Einstellung der Bindung sollte auch bei gebraucht gekauftem oder weitergegebenem Material durch Fachpersonal, also im Fachhandel oder Fachservice erfolgen.<\/li>\n<\/ul>\n<p>Auf unserer Homepage findet ihr st\u00e4ndig aktualisierte Informationen bez\u00fcglich der Skikurse.<\/p>\n<p>Sportliche Gr\u00fc\u00dfe,<br \/>WSV Altach<\/p>\n<\/div>\n\n\n<p><\/p>\n\n\n\n<p><\/p>\n","protected":false},"excerpt":{"rendered":"<p>Es freut uns, dass euer Kind an einem unserer Skikurse teilnehmen m\u00f6chte. \u00d6SV Mitgliedschaft: Der Skikurs des WSV Altach ist eine Vereinsaktivit\u00e4t, deshalb ist eine Vereins- und \u00d6SV Mitgliedschaft eures Kindes erforderlich. Aus diesem Grund beinhaltet die Kursgeb\u00fchr auch den Mitgliedsbeitrag f\u00fcr den \u00d6SV f\u00fcr die Saison 2024\/2025. Aus organisatorischen Gr\u00fcnden werden eine Woche vor [&hellip;]<\/p>\n","protected":false},"author":1,"featured_media":0,"parent":0,"menu_order":0,"comment_status":"closed","ping_status":"closed","template":"","meta":{"_acf_changed":false,"footnotes":""},"class_list":["post-2667","page","type-page","status-publish","hentry"],"acf":[],"jetpack_sharing_enabled":true,"_links":{"self":[{"href":"https:\/\/wsvaltach.at\/index.php?rest_route=\/wp\/v2\/pages\/2667","targetHints":{"allow":["GET"]}}],"collection":[{"href":"https:\/\/wsvaltach.at\/index.php?rest_route=\/wp\/v2\/pages"}],"about":[{"href":"https:\/\/wsvaltach.at\/index.php?rest_route=\/wp\/v2\/types\/page"}],"author":[{"embeddable":true,"href":"https:\/\/wsvaltach.at\/index.php?rest_route=\/wp\/v2\/users\/1"}],"replies":[{"embeddable":true,"href":"https:\/\/wsvaltach.at\/index.php?rest_route=%2Fwp%2Fv2%2Fcomments&post=2667"}],"version-history":[{"count":10,"href":"https:\/\/wsvaltach.at\/index.php?rest_route=\/wp\/v2\/pages\/2667\/revisions"}],"predecessor-version":[{"id":4307,"href":"https:\/\/wsvaltach.at\/index.php?rest_route=\/wp\/v2\/pages\/2667\/revisions\/4307"}],"wp:attachment":[{"href":"https:\/\/wsvaltach.at\/index.php?rest_route=%2Fwp%2Fv2%2Fmedia&parent=2667"}],"curies":[{"name":"wp","href":"https:\/\/api.w.org\/{rel}","templated":true}]}}